{"id":31,"date":"2023-02-24T21:21:38","date_gmt":"2023-02-24T21:21:38","guid":{"rendered":"https:\/\/ddseguroscontigo.com\/wordpress\/?page_id=31"},"modified":"2023-02-24T21:21:38","modified_gmt":"2023-02-24T21:21:38","slug":"aviso-de-privacidad","status":"publish","type":"page","link":"https:\/\/staging.ddseguroscontigo.com\/index.php\/aviso-de-privacidad\/","title":{"rendered":"Aviso de Privacidad"},"content":{"rendered":"\n<p class=\"has-secondary-color has-primary-background-color has-text-color has-background\"><strong>En t\u00e9rminos de lo establecido por el art\u00edculo 3\u00ba fracci\u00f3n XIV de la Ley Federal de Protecci\u00f3n de Datos Personales en Posesi\u00f3n de Particulares (LFPDPPP); as\u00ed como por las disposiciones legales que le son aplicables, DDSegurosContigo, ser\u00e1 responsable de sus datos personales; por lo que hace de su conocimiento que para cumplir con las finalidades se\u00f1aladas en el presente Aviso de Privacidad, es necesario recabar y dar tratamiento a las siguientes categor\u00edas de datos personales:<\/strong><\/p>\n\n\n\n<p class=\"has-secondary-color has-primary-background-color has-text-color has-background\"><strong>En caso de ser solicitante, asegurado, contratante, fideicomitente, beneficiario, empleado del contratante (en la administraci\u00f3n de fondos) y\/o fideicomisario, ser tercero relacionado, representante o apoderado legal, propietario real y\/o controlador:<\/strong><\/p>\n\n\n\n<ul class=\"wp-block-list\">\n<li><strong>Datos de identificaci\u00f3n;<\/strong><\/li>\n\n\n\n<li><strong>Datos de contacto;<\/strong><\/li>\n\n\n\n<li><strong>Datos de ubicaci\u00f3n;<\/strong><\/li>\n\n\n\n<li><strong>Datos laborales;<\/strong><\/li>\n\n\n\n<li><strong>Datos patrimoniales;<\/strong>\n<ul class=\"wp-block-list\"><\/ul>\n<\/li>\n\n\n\n<li><strong>Datos financieros;<\/strong><\/li>\n\n\n\n<li><strong>Datos acad\u00e9micos;<\/strong><\/li>\n\n\n\n<li><strong>Datos de tr\u00e1nsito y migratorios.<\/strong><\/li>\n<\/ul>\n\n\n\n<p class=\"has-secondary-color has-primary-background-color has-text-color has-background\"><strong>Para efectos del presente Aviso de Privacidad, se entender\u00e1 por tercero relacionado, aquella persona que est\u00e9 vinculada, involucrada, sea parte y\/o pueda ser considerada como acreedora de derechos u obligaciones derivadas o relacionadas con el contrato de seguro, producto o servicio con diversas las diversas compa\u00f1\u00edas aseguradoras.<\/strong><\/p>\n\n\n\n<p class=\"has-secondary-color has-primary-background-color has-text-color has-background\"><strong>Asimismo, obtendremos datos personales considerados como sensibles los relacionados con su estado de salud pasada, presente y futura, h\u00e1bitos de vida, antecedentes heredo-familiares, generalizaci\u00f3n, telemetr\u00eda veh\u00edcular y sobre procedimientos jurisdiccionales y\/o aquellos seguidos en forma de juicio para cumplir con las finalidades del presente Aviso de Privacidad. Lo anterior, en tanto los mencionados datos afecten a la esfera m\u00e1s \u00edntima de su titular o cuando su indebida utilizaci\u00f3n pueda dar origen a discriminaci\u00f3n o conlleve un riesgo grave para \u00e9ste.<\/strong><\/p>\n\n\n\n<p class=\"has-secondary-color has-primary-background-color has-text-color has-background\"><strong>Se podr\u00e1 obtener informaci\u00f3n de usted por parte de empresas afiliadas, subsidiarias y\/o terceras empresas con las cuales se requiere entablar alguna representaci\u00f3n\u00a0 de negocio inherente y relacionado\u00a0 con las funciones de la empresa, con las que mantengamos una relaci\u00f3n jur\u00eddica, sean nuestros socios comerciales, organizaciones, instituciones, autoridades del sector asegurador o de salud, fuentes de acceso p\u00fablico, cuando los datos sean proporcionados por personas f\u00edsicas o morales con las que tengamos celebrados contratos de promotor\u00eda de productos, \u00a0cuando usted se registre de manera directa y\/o haciendo uso de sus redes sociales, en nuestras plataformas, sitios web y\/o nuestras redes sociales; con la finalidad de evaluar su solicitud o suscripci\u00f3n para la contrataci\u00f3n de seguro(s), producto(s) o servicio(s) y, en caso de que resulte aplicable, llevar a cabo el cumplimiento de las obligaciones derivadas de la relaci\u00f3n jur\u00eddica y los fines establecidos en el presente Aviso de Privacidad.<\/strong><\/p>\n\n\n<div class=\"wp-block-image is-style-default\">\n<figure class=\"aligncenter\"><img decoding=\"async\" src=\"https:\/\/static.wixstatic.com\/media\/d81c5f_170ea457109c446c9781408bec06a2ce~mv2.jpg\/v1\/fill\/w_55,h_55,al_c,q_80,usm_0.66_1.00_0.01,enc_auto\/Logo%20DDSeguros%20color.jpg\" alt=\"Logo DDSeguros color.jpg\"\/><\/figure>\n<\/div>","protected":false},"excerpt":{"rendered":"<p>En t\u00e9rminos de lo establecido por el art\u00edculo 3\u00ba fracci\u00f3n XIV de la Ley Federal de Protecci\u00f3n de Datos Personales en Posesi\u00f3n de Particulares (LFPDPPP); as\u00ed como por las disposiciones legales que le son aplicables, DDSegurosContigo, ser\u00e1 responsable de sus datos personales; por lo que hace de su conocimiento que para cumplir con las finalidades [&hellip;]<\/p>\n","protected":false},"author":1,"featured_media":0,"parent":0,"menu_order":0,"comment_status":"open","ping_status":"closed","template":"","meta":{"footnotes":""},"class_list":["post-31","page","type-page","status-publish","hentry"],"_links":{"self":[{"href":"https:\/\/staging.ddseguroscontigo.com\/index.php\/wp-json\/wp\/v2\/pages\/31","targetHints":{"allow":["GET"]}}],"collection":[{"href":"https:\/\/staging.ddseguroscontigo.com\/index.php\/wp-json\/wp\/v2\/pages"}],"about":[{"href":"https:\/\/staging.ddseguroscontigo.com\/index.php\/wp-json\/wp\/v2\/types\/page"}],"author":[{"embeddable":true,"href":"https:\/\/staging.ddseguroscontigo.com\/index.php\/wp-json\/wp\/v2\/users\/1"}],"replies":[{"embeddable":true,"href":"https:\/\/staging.ddseguroscontigo.com\/index.php\/wp-json\/wp\/v2\/comments?post=31"}],"version-history":[{"count":1,"href":"https:\/\/staging.ddseguroscontigo.com\/index.php\/wp-json\/wp\/v2\/pages\/31\/revisions"}],"predecessor-version":[{"id":37,"href":"https:\/\/staging.ddseguroscontigo.com\/index.php\/wp-json\/wp\/v2\/pages\/31\/revisions\/37"}],"wp:attachment":[{"href":"https:\/\/staging.ddseguroscontigo.com\/index.php\/wp-json\/wp\/v2\/media?parent=31"}],"curies":[{"name":"wp","href":"https:\/\/api.w.org\/{rel}","templated":true}]}}